{"id":2435,"date":"2024-08-08T09:21:57","date_gmt":"2024-08-08T09:21:57","guid":{"rendered":"https:\/\/maska.es\/posts\/"},"modified":"2025-03-13T08:26:10","modified_gmt":"2025-03-13T08:26:10","slug":"posts","status":"publish","type":"page","link":"https:\/\/maska.es\/en\/posts\/","title":{"rendered":"posts"},"content":{"rendered":"\t\t<div data-elementor-type=\"wp-page\" data-elementor-id=\"2435\" class=\"elementor elementor-2435 elementor-2425\" data-elementor-post-type=\"page\">\n\t\t\t\t<div data-particle_enable=\"false\" data-particle-mobile-disabled=\"false\" class=\"elementor-element elementor-element-25adfd5 sec-entradas e-flex e-con-boxed e-con e-parent\" data-id=\"25adfd5\" data-element_type=\"container\">\n\t\t\t\t\t<div class=\"e-con-inner\">\n\t\t\t\t<div class=\"elementor-element elementor-element-0b1296b elementor-widget elementor-widget-heading\" data-id=\"0b1296b\" data-element_type=\"widget\" data-widget_type=\"heading.default\">\n\t\t\t\t<div class=\"elementor-widget-container\">\n\t\t\t<style>\/*! elementor - v3.23.0 - 05-08-2024 *\/\n.elementor-heading-title{padding:0;margin:0;line-height:1}.elementor-widget-heading .elementor-heading-title[class*=elementor-size-]>a{color:inherit;font-size:inherit;line-height:inherit}.elementor-widget-heading .elementor-heading-title.elementor-size-small{font-size:15px}.elementor-widget-heading .elementor-heading-title.elementor-size-medium{font-size:19px}.elementor-widget-heading .elementor-heading-title.elementor-size-large{font-size:29px}.elementor-widget-heading .elementor-heading-title.elementor-size-xl{font-size:39px}.elementor-widget-heading .elementor-heading-title.elementor-size-xxl{font-size:59px}<\/style><h1 class=\"elementor-heading-title elementor-size-default\">Blog<\/h1>\t\t<\/div>\n\t\t\t\t<\/div>\n\t\t\t\t<div class=\"elementor-element elementor-element-48af337 elementor-widget elementor-widget-heading\" data-id=\"48af337\" data-element_type=\"widget\" data-widget_type=\"heading.default\">\n\t\t\t\t<div class=\"elementor-widget-container\">\n\t\t\t<h2 class=\"elementor-heading-title elementor-size-default\">Learn about the latest developments in environmental, social and governance issues.<\/h2>\t\t<\/div>\n\t\t\t\t<\/div>\n\t\t\t\t<div class=\"elementor-element elementor-element-4c2311e quad-blog elementor-grid-3 elementor-grid-tablet-2 elementor-grid-mobile-1 elementor-posts--thumbnail-top elementor-widget elementor-widget-posts\" data-id=\"4c2311e\" data-element_type=\"widget\" data-settings=\"{&quot;classic_columns&quot;:&quot;3&quot;,&quot;classic_columns_tablet&quot;:&quot;2&quot;,&quot;classic_columns_mobile&quot;:&quot;1&quot;,&quot;classic_row_gap&quot;:{&quot;unit&quot;:&quot;px&quot;,&quot;size&quot;:35,&quot;sizes&quot;:[]},&quot;classic_row_gap_tablet&quot;:{&quot;unit&quot;:&quot;px&quot;,&quot;size&quot;:&quot;&quot;,&quot;sizes&quot;:[]},&quot;classic_row_gap_mobile&quot;:{&quot;unit&quot;:&quot;px&quot;,&quot;size&quot;:&quot;&quot;,&quot;sizes&quot;:[]}}\" data-widget_type=\"posts.classic\">\n\t\t\t\t<div class=\"elementor-widget-container\">\n\t\t\t<link rel=\"stylesheet\" href=\"\/wp-content\/plugins\/pro-elements\/assets\/css\/widget-posts.min.css?ver=1723101532\">\t\t<div class=\"elementor-posts-container elementor-posts elementor-posts--skin-classic elementor-grid\">\n\t\t\t\t<article class=\"elementor-post elementor-grid-item post-3901 post type-post status-publish format-standard has-post-thumbnail hentry category-blog-en\">\n\t\t\t\t<a class=\"elementor-post__thumbnail__link\" href=\"https:\/\/maska.es\/en\/blog-en\/what-are-the-sdgs-sustainable-development-goals\/\" tabindex=\"-1\" >\n\t\t\t<div class=\"elementor-post__thumbnail\"><img fetchpriority=\"high\" decoding=\"async\" width=\"1200\" height=\"400\" src=\"\/wp-content\/uploads\/2025\/02\/que-son-los-ODS-Objetivos-de-Desarrollo-Sostenible.webp\" class=\"attachment-full size-full wp-image-3874\" alt=\"que son los ODS - Objetivos de Desarrollo Sostenible\" srcset=\"\/wp-content\/uploads\/2025\/02\/que-son-los-ODS-Objetivos-de-Desarrollo-Sostenible.webp 1200w, \/wp-content\/uploads\/2025\/02\/que-son-los-ODS-Objetivos-de-Desarrollo-Sostenible-300x100.webp 300w, \/wp-content\/uploads\/2025\/02\/que-son-los-ODS-Objetivos-de-Desarrollo-Sostenible-1024x341.webp 1024w, \/wp-content\/uploads\/2025\/02\/que-son-los-ODS-Objetivos-de-Desarrollo-Sostenible-768x256.webp 768w\" sizes=\"(max-width: 1200px) 100vw, 1200px\" \/><\/div>\n\t\t<\/a>\n\t\t\t\t<div class=\"elementor-post__text\">\n\t\t\t\t<h3 class=\"elementor-post__title\">\n\t\t\t<a href=\"https:\/\/maska.es\/en\/blog-en\/what-are-the-sdgs-sustainable-development-goals\/\" >\n\t\t\t\tWhat are the SDGs, Sustainable Development Goals?\t\t\t<\/a>\n\t\t<\/h3>\n\t\t\t\t<div class=\"elementor-post__meta-data\">\n\t\t\t\t\t<span class=\"elementor-post-author\">\n\t\t\tmaska\t\t<\/span>\n\t\t\t\t<span class=\"elementor-post-date\">\n\t\t\tFebruary 19, 2025\t\t<\/span>\n\t\t\t\t<\/div>\n\t\t\t\t<\/div>\n\t\t\t\t<\/article>\n\t\t\t\t<article class=\"elementor-post elementor-grid-item post-3898 post type-post status-publish format-standard has-post-thumbnail hentry category-blog-en\">\n\t\t\t\t<a class=\"elementor-post__thumbnail__link\" href=\"https:\/\/maska.es\/en\/blog-en\/esrs-standards-a-guide-to-sustainability-reporting\/\" tabindex=\"-1\" >\n\t\t\t<div class=\"elementor-post__thumbnail\"><img decoding=\"async\" width=\"1024\" height=\"341\" src=\"\/wp-content\/uploads\/2025\/02\/Estandares-ESRSwebp.webp\" class=\"attachment-full size-full wp-image-3912\" alt=\"Est\u00e1ndares ESRS: gu\u00eda para la elaboraci\u00f3n de informes de sostenibilidad\" srcset=\"\/wp-content\/uploads\/2025\/02\/Estandares-ESRSwebp.webp 1024w, \/wp-content\/uploads\/2025\/02\/Estandares-ESRSwebp-300x100.webp 300w, \/wp-content\/uploads\/2025\/02\/Estandares-ESRSwebp-768x256.webp 768w\" sizes=\"(max-width: 1024px) 100vw, 1024px\" \/><\/div>\n\t\t<\/a>\n\t\t\t\t<div class=\"elementor-post__text\">\n\t\t\t\t<h3 class=\"elementor-post__title\">\n\t\t\t<a href=\"https:\/\/maska.es\/en\/blog-en\/esrs-standards-a-guide-to-sustainability-reporting\/\" >\n\t\t\t\tESRS standards: a guide to sustainability reporting\t\t\t<\/a>\n\t\t<\/h3>\n\t\t\t\t<div class=\"elementor-post__meta-data\">\n\t\t\t\t\t<span class=\"elementor-post-author\">\n\t\t\tmaska\t\t<\/span>\n\t\t\t\t<span class=\"elementor-post-date\">\n\t\t\tFebruary 3, 2025\t\t<\/span>\n\t\t\t\t<\/div>\n\t\t\t\t<\/div>\n\t\t\t\t<\/article>\n\t\t\t\t<article class=\"elementor-post elementor-grid-item post-3895 post type-post status-publish format-standard has-post-thumbnail hentry category-blog-en\">\n\t\t\t\t<a class=\"elementor-post__thumbnail__link\" href=\"https:\/\/maska.es\/en\/blog-en\/what-is-a-sustainability-report-and-how-to-prepare-it\/\" tabindex=\"-1\" >\n\t\t\t<div class=\"elementor-post__thumbnail\"><img decoding=\"async\" width=\"1400\" height=\"668\" src=\"\/wp-content\/uploads\/2025\/01\/que-es-una-memoria-de-sostenibilidad.webp\" class=\"attachment-full size-full wp-image-3853\" alt=\"que es una memoria de sostenibilidad\" srcset=\"\/wp-content\/uploads\/2025\/01\/que-es-una-memoria-de-sostenibilidad.webp 1400w, \/wp-content\/uploads\/2025\/01\/que-es-una-memoria-de-sostenibilidad-300x143.webp 300w, \/wp-content\/uploads\/2025\/01\/que-es-una-memoria-de-sostenibilidad-1024x489.webp 1024w, \/wp-content\/uploads\/2025\/01\/que-es-una-memoria-de-sostenibilidad-768x366.webp 768w\" sizes=\"(max-width: 1400px) 100vw, 1400px\" \/><\/div>\n\t\t<\/a>\n\t\t\t\t<div class=\"elementor-post__text\">\n\t\t\t\t<h3 class=\"elementor-post__title\">\n\t\t\t<a href=\"https:\/\/maska.es\/en\/blog-en\/what-is-a-sustainability-report-and-how-to-prepare-it\/\" >\n\t\t\t\tWhat is a sustainability report and how to prepare it?\t\t\t<\/a>\n\t\t<\/h3>\n\t\t\t\t<div class=\"elementor-post__meta-data\">\n\t\t\t\t\t<span class=\"elementor-post-author\">\n\t\t\tmaska\t\t<\/span>\n\t\t\t\t<span class=\"elementor-post-date\">\n\t\t\tJanuary 22, 2025\t\t<\/span>\n\t\t\t\t<\/div>\n\t\t\t\t<\/div>\n\t\t\t\t<\/article>\n\t\t\t\t<article class=\"elementor-post elementor-grid-item post-3892 post type-post status-publish format-standard has-post-thumbnail hentry category-blog-en\">\n\t\t\t\t<a class=\"elementor-post__thumbnail__link\" href=\"https:\/\/maska.es\/en\/blog-en\/what-is-efrag-and-how-to-apply-it-to-your-sustainability-strategy\/\" tabindex=\"-1\" >\n\t\t\t<div class=\"elementor-post__thumbnail\"><img loading=\"lazy\" decoding=\"async\" width=\"1400\" height=\"668\" src=\"\/wp-content\/uploads\/2025\/01\/que-es-efrag.webp\" class=\"attachment-full size-full wp-image-3844\" alt=\"que es efrag\" srcset=\"\/wp-content\/uploads\/2025\/01\/que-es-efrag.webp 1400w, \/wp-content\/uploads\/2025\/01\/que-es-efrag-300x143.webp 300w, \/wp-content\/uploads\/2025\/01\/que-es-efrag-1024x489.webp 1024w, \/wp-content\/uploads\/2025\/01\/que-es-efrag-768x366.webp 768w\" sizes=\"(max-width: 1400px) 100vw, 1400px\" \/><\/div>\n\t\t<\/a>\n\t\t\t\t<div class=\"elementor-post__text\">\n\t\t\t\t<h3 class=\"elementor-post__title\">\n\t\t\t<a href=\"https:\/\/maska.es\/en\/blog-en\/what-is-efrag-and-how-to-apply-it-to-your-sustainability-strategy\/\" >\n\t\t\t\tWhat is EFRAG and how to apply it to your sustainability strategy?\t\t\t<\/a>\n\t\t<\/h3>\n\t\t\t\t<div class=\"elementor-post__meta-data\">\n\t\t\t\t\t<span class=\"elementor-post-author\">\n\t\t\tmaska\t\t<\/span>\n\t\t\t\t<span class=\"elementor-post-date\">\n\t\t\tJanuary 22, 2025\t\t<\/span>\n\t\t\t\t<\/div>\n\t\t\t\t<\/div>\n\t\t\t\t<\/article>\n\t\t\t\t<article class=\"elementor-post elementor-grid-item post-3889 post type-post status-publish format-standard has-post-thumbnail hentry category-blog-en\">\n\t\t\t\t<a class=\"elementor-post__thumbnail__link\" href=\"https:\/\/maska.es\/en\/blog-en\/what-is-esg-and-why-is-it-important-for-companies\/\" tabindex=\"-1\" >\n\t\t\t<div class=\"elementor-post__thumbnail\"><img loading=\"lazy\" decoding=\"async\" width=\"1400\" height=\"668\" src=\"\/wp-content\/uploads\/2024\/11\/esg-que-es.webp\" class=\"attachment-full size-full wp-image-2935\" alt=\"esg que es\" srcset=\"\/wp-content\/uploads\/2024\/11\/esg-que-es.webp 1400w, \/wp-content\/uploads\/2024\/11\/esg-que-es-300x143.webp 300w, \/wp-content\/uploads\/2024\/11\/esg-que-es-1024x489.webp 1024w, \/wp-content\/uploads\/2024\/11\/esg-que-es-768x366.webp 768w\" sizes=\"(max-width: 1400px) 100vw, 1400px\" \/><\/div>\n\t\t<\/a>\n\t\t\t\t<div class=\"elementor-post__text\">\n\t\t\t\t<h3 class=\"elementor-post__title\">\n\t\t\t<a href=\"https:\/\/maska.es\/en\/blog-en\/what-is-esg-and-why-is-it-important-for-companies\/\" >\n\t\t\t\tWhat is ESG and why is it important for companies?\t\t\t<\/a>\n\t\t<\/h3>\n\t\t\t\t<div class=\"elementor-post__meta-data\">\n\t\t\t\t\t<span class=\"elementor-post-author\">\n\t\t\tmaska\t\t<\/span>\n\t\t\t\t<span class=\"elementor-post-date\">\n\t\t\tNovember 28, 2024\t\t<\/span>\n\t\t\t\t<\/div>\n\t\t\t\t<\/div>\n\t\t\t\t<\/article>\n\t\t\t\t<article class=\"elementor-post elementor-grid-item post-3886 post type-post status-publish format-standard has-post-thumbnail hentry category-blog-en\">\n\t\t\t\t<a class=\"elementor-post__thumbnail__link\" href=\"https:\/\/maska.es\/en\/blog-en\/csrd-directive\/\" tabindex=\"-1\" >\n\t\t\t<div class=\"elementor-post__thumbnail\"><img loading=\"lazy\" decoding=\"async\" width=\"1400\" height=\"668\" src=\"\/wp-content\/uploads\/2024\/11\/directiva-de-informes-de-sostenibilidad-corporativa-csrd.webp\" class=\"attachment-full size-full wp-image-2939\" alt=\"directiva de informes de sostenibilidad corporativa csrd\" srcset=\"\/wp-content\/uploads\/2024\/11\/directiva-de-informes-de-sostenibilidad-corporativa-csrd.webp 1400w, \/wp-content\/uploads\/2024\/11\/directiva-de-informes-de-sostenibilidad-corporativa-csrd-300x143.webp 300w, \/wp-content\/uploads\/2024\/11\/directiva-de-informes-de-sostenibilidad-corporativa-csrd-1024x489.webp 1024w, \/wp-content\/uploads\/2024\/11\/directiva-de-informes-de-sostenibilidad-corporativa-csrd-768x366.webp 768w\" sizes=\"(max-width: 1400px) 100vw, 1400px\" \/><\/div>\n\t\t<\/a>\n\t\t\t\t<div class=\"elementor-post__text\">\n\t\t\t\t<h3 class=\"elementor-post__title\">\n\t\t\t<a href=\"https:\/\/maska.es\/en\/blog-en\/csrd-directive\/\" >\n\t\t\t\tCSRD Directive: contributions of the new Draghi Report to sustainable competitiveness\t\t\t<\/a>\n\t\t<\/h3>\n\t\t\t\t<div class=\"elementor-post__meta-data\">\n\t\t\t\t\t<span class=\"elementor-post-author\">\n\t\t\tmaska\t\t<\/span>\n\t\t\t\t<span class=\"elementor-post-date\">\n\t\t\tNovember 25, 2024\t\t<\/span>\n\t\t\t\t<\/div>\n\t\t\t\t<\/div>\n\t\t\t\t<\/article>\n\t\t\t\t<article class=\"elementor-post elementor-grid-item post-2545 post type-post status-publish format-standard has-post-thumbnail hentry category-post category-blog-en\">\n\t\t\t\t<a class=\"elementor-post__thumbnail__link\" href=\"https:\/\/maska.es\/en\/blog-en\/sustainability-what-is-it-and-why-does-it-matter\/\" tabindex=\"-1\" >\n\t\t\t<div class=\"elementor-post__thumbnail\"><img loading=\"lazy\" decoding=\"async\" width=\"1000\" height=\"667\" src=\"\/wp-content\/uploads\/2024\/07\/2150196687.jpg\" class=\"attachment-full size-full wp-image-1758\" alt=\"\" srcset=\"\/wp-content\/uploads\/2024\/07\/2150196687.jpg 1000w, \/wp-content\/uploads\/2024\/07\/2150196687-300x200.jpg 300w, \/wp-content\/uploads\/2024\/07\/2150196687-768x512.jpg 768w\" sizes=\"(max-width: 1000px) 100vw, 1000px\" \/><\/div>\n\t\t<\/a>\n\t\t\t\t<div class=\"elementor-post__text\">\n\t\t\t\t<h3 class=\"elementor-post__title\">\n\t\t\t<a href=\"https:\/\/maska.es\/en\/blog-en\/sustainability-what-is-it-and-why-does-it-matter\/\" >\n\t\t\t\tSustainability: What is it and why does it matter?\t\t\t<\/a>\n\t\t<\/h3>\n\t\t\t\t<div class=\"elementor-post__meta-data\">\n\t\t\t\t\t<span class=\"elementor-post-author\">\n\t\t\tmaska\t\t<\/span>\n\t\t\t\t<span class=\"elementor-post-date\">\n\t\t\tJuly 12, 2024\t\t<\/span>\n\t\t\t\t<\/div>\n\t\t\t\t<\/div>\n\t\t\t\t<\/article>\n\t\t\t\t<article class=\"elementor-post elementor-grid-item post-2547 post type-post status-publish format-standard has-post-thumbnail hentry category-blog-en category-post\">\n\t\t\t\t<a class=\"elementor-post__thumbnail__link\" href=\"https:\/\/maska.es\/en\/blog-en\/corporate-sustainability-reporting-directive\/\" tabindex=\"-1\" >\n\t\t\t<div class=\"elementor-post__thumbnail\"><img loading=\"lazy\" decoding=\"async\" width=\"1000\" height=\"667\" src=\"\/wp-content\/uploads\/2024\/07\/15276-1.jpg\" class=\"attachment-full size-full wp-image-1757\" alt=\"\" srcset=\"\/wp-content\/uploads\/2024\/07\/15276-1.jpg 1000w, \/wp-content\/uploads\/2024\/07\/15276-1-300x200.jpg 300w, \/wp-content\/uploads\/2024\/07\/15276-1-768x512.jpg 768w\" sizes=\"(max-width: 1000px) 100vw, 1000px\" \/><\/div>\n\t\t<\/a>\n\t\t\t\t<div class=\"elementor-post__text\">\n\t\t\t\t<h3 class=\"elementor-post__title\">\n\t\t\t<a href=\"https:\/\/maska.es\/en\/blog-en\/corporate-sustainability-reporting-directive\/\" >\n\t\t\t\tCorporate Sustainability Reporting Directive: A Step Toward a More Transparent and Responsible Future\t\t\t<\/a>\n\t\t<\/h3>\n\t\t\t\t<div class=\"elementor-post__meta-data\">\n\t\t\t\t\t<span class=\"elementor-post-author\">\n\t\t\tmaska\t\t<\/span>\n\t\t\t\t<span class=\"elementor-post-date\">\n\t\t\tJuly 12, 2024\t\t<\/span>\n\t\t\t\t<\/div>\n\t\t\t\t<\/div>\n\t\t\t\t<\/article>\n\t\t\t\t<article class=\"elementor-post elementor-grid-item post-2549 post type-post status-publish format-standard has-post-thumbnail hentry category-blog-en category-post\">\n\t\t\t\t<a class=\"elementor-post__thumbnail__link\" href=\"https:\/\/maska.es\/en\/blog-en\/what-is-esg-the-difference-between-esg-sustainability-and-social-impact\/\" tabindex=\"-1\" >\n\t\t\t<div class=\"elementor-post__thumbnail\"><img loading=\"lazy\" decoding=\"async\" width=\"1000\" height=\"571\" src=\"\/wp-content\/uploads\/2024\/07\/27210.jpg\" class=\"attachment-full size-full wp-image-1759\" alt=\"\" srcset=\"\/wp-content\/uploads\/2024\/07\/27210.jpg 1000w, \/wp-content\/uploads\/2024\/07\/27210-300x171.jpg 300w, \/wp-content\/uploads\/2024\/07\/27210-768x439.jpg 768w\" sizes=\"(max-width: 1000px) 100vw, 1000px\" \/><\/div>\n\t\t<\/a>\n\t\t\t\t<div class=\"elementor-post__text\">\n\t\t\t\t<h3 class=\"elementor-post__title\">\n\t\t\t<a href=\"https:\/\/maska.es\/en\/blog-en\/what-is-esg-the-difference-between-esg-sustainability-and-social-impact\/\" >\n\t\t\t\tWhat is ESG? The Difference Between ESG, Sustainability and Social Impact\t\t\t<\/a>\n\t\t<\/h3>\n\t\t\t\t<div class=\"elementor-post__meta-data\">\n\t\t\t\t\t<span class=\"elementor-post-author\">\n\t\t\tmaska\t\t<\/span>\n\t\t\t\t<span class=\"elementor-post-date\">\n\t\t\tJuly 12, 2024\t\t<\/span>\n\t\t\t\t<\/div>\n\t\t\t\t<\/div>\n\t\t\t\t<\/article>\n\t\t\t\t<\/div>\n\t\t\n\t\t\t\t<\/div>\n\t\t\t\t<\/div>\n\t\t\t\t\t<\/div>\n\t\t\t\t<\/div>\n\t\t<div data-particle_enable=\"false\" data-particle-mobile-disabled=\"false\" class=\"elementor-element elementor-element-34e4a6b e-flex e-con-boxed e-con e-parent\" data-id=\"34e4a6b\" data-element_type=\"container\">\n\t\t\t\t\t<div class=\"e-con-inner\">\n\t\t\t\t<div class=\"elementor-element elementor-element-b7a313a elementor-widget elementor-widget-html\" data-id=\"b7a313a\" data-element_type=\"widget\" data-widget_type=\"html.default\">\n\t\t\t\t<div class=\"elementor-widget-container\">\n\t\t\t<script>document.addEventListener('DOMContentLoaded', function() {\n    const acti = document.querySelector('#blog a');\n    acti.classList.add('activex');\n});\n<\/script>\t\t<\/div>\n\t\t\t\t<\/div>\n\t\t\t\t\t<\/div>\n\t\t\t\t<\/div>\n\t\t\t\t<\/div>\n\t\t","protected":false},"excerpt":{"rendered":"<p>Blog Learn about the latest developments in environmental, social and governance issues.<\/p>\n","protected":false},"author":2,"featured_media":0,"parent":0,"menu_order":0,"comment_status":"closed","ping_status":"closed","template":"","meta":{"site-sidebar-layout":"no-sidebar","site-content-layout":"","ast-site-content-layout":"full-width-container","site-content-style":"default","site-sidebar-style":"default","ast-global-header-display":"","ast-banner-title-visibility":"","ast-main-header-display":"","ast-hfb-above-header-display":"","ast-hfb-below-header-display":"","ast-hfb-mobile-header-display":"","site-post-title":"disabled","ast-breadcrumbs-content":"","ast-featured-img":"disabled","footer-sml-layout":"","theme-transparent-header-meta":"","adv-header-id-meta":"","stick-header-meta":"","header-above-stick-meta":"","header-main-stick-meta":"","header-below-stick-meta":"","astra-migrate-meta-layouts":"default","ast-page-background-enabled":"default","ast-page-background-meta":{"desktop":{"background-color":"var(--ast-global-color-4)","background-image":"","background-repeat":"repeat","background-position":"center center","background-size":"auto","background-attachment":"scroll","background-type":"","background-media":"","overlay-type":"","overlay-color":"","overlay-opacity":"","overlay-gradient":""},"tablet":{"background-color":"","background-image":"","background-repeat":"repeat","background-position":"center center","background-size":"auto","background-attachment":"scroll","background-type":"","background-media":"","overlay-type":"","overlay-color":"","overlay-opacity":"","overlay-gradient":""},"mobile":{"background-color":"","background-image":"","background-repeat":"repeat","background-position":"center center","background-size":"auto","background-attachment":"scroll","background-type":"","background-media":"","overlay-type":"","overlay-color":"","overlay-opacity":"","overlay-gradient":""}},"ast-content-background-meta":{"desktop":{"background-color":"var(--ast-global-color-5)","background-image":"","background-repeat":"repeat","background-position":"center center","background-size":"auto","background-attachment":"scroll","background-type":"","background-media":"","overlay-type":"","overlay-color":"","overlay-opacity":"","overlay-gradient":""},"tablet":{"background-color":"var(--ast-global-color-5)","background-image":"","background-repeat":"repeat","background-position":"center center","background-size":"auto","background-attachment":"scroll","background-type":"","background-media":"","overlay-type":"","overlay-color":"","overlay-opacity":"","overlay-gradient":""},"mobile":{"background-color":"var(--ast-global-color-5)","background-image":"","background-repeat":"repeat","background-position":"center center","background-size":"auto","background-attachment":"scroll","background-type":"","background-media":"","overlay-type":"","overlay-color":"","overlay-opacity":"","overlay-gradient":""}},"footnotes":""},"class_list":["post-2435","page","type-page","status-publish","hentry"],"yoast_head":"<!-- This site is optimized with the Yoast SEO plugin v23.9 - https:\/\/yoast.com\/wordpress\/plugins\/seo\/ -->\n<title>Maska Blog: Innovation and Sustainability \ud83c\udf31\ud83d\udcca<\/title>\n<meta name=\"description\" content=\"Explore the world of sustainability and ESG. Stay updated with the latest trends and tips for a more responsible, transparent future. \ud83c\udf1f\" \/>\n<meta name=\"robots\" content=\"index, follow, max-snippet:-1, max-image-preview:large, max-video-preview:-1\" \/>\n<link rel=\"canonical\" href=\"https:\/\/maska.es\/en\/posts\/\" \/>\n<meta property=\"og:locale\" content=\"en_US\" \/>\n<meta property=\"og:type\" content=\"article\" \/>\n<meta property=\"og:title\" content=\"Maska Blog: Innovation and Sustainability \ud83c\udf31\ud83d\udcca\" \/>\n<meta property=\"og:description\" content=\"Explore the world of sustainability and ESG. Stay updated with the latest trends and tips for a more responsible, transparent future. \ud83c\udf1f\" \/>\n<meta property=\"og:url\" content=\"https:\/\/maska.es\/en\/posts\/\" \/>\n<meta property=\"og:site_name\" content=\"Maska\" \/>\n<meta property=\"article:modified_time\" content=\"2025-03-13T08:26:10+00:00\" \/>\n<meta name=\"twitter:card\" content=\"summary_large_image\" \/>\n<meta name=\"twitter:label1\" content=\"Est. reading time\" \/>\n\t<meta name=\"twitter:data1\" content=\"1 minute\" \/>\n<script type=\"application\/ld+json\" class=\"yoast-schema-graph\">{\"@context\":\"https:\/\/schema.org\",\"@graph\":[{\"@type\":\"WebPage\",\"@id\":\"https:\/\/maska.es\/en\/posts\/\",\"url\":\"https:\/\/maska.es\/en\/posts\/\",\"name\":\"Maska Blog: Innovation and Sustainability \ud83c\udf31\ud83d\udcca\",\"isPartOf\":{\"@id\":\"https:\/\/maska.es\/en\/#website\"},\"datePublished\":\"2024-08-08T09:21:57+00:00\",\"dateModified\":\"2025-03-13T08:26:10+00:00\",\"description\":\"Explore the world of sustainability and ESG. Stay updated with the latest trends and tips for a more responsible, transparent future. \ud83c\udf1f\",\"breadcrumb\":{\"@id\":\"https:\/\/maska.es\/en\/posts\/#breadcrumb\"},\"inLanguage\":\"en-US\",\"potentialAction\":[{\"@type\":\"ReadAction\",\"target\":[\"https:\/\/maska.es\/en\/posts\/\"]}]},{\"@type\":\"BreadcrumbList\",\"@id\":\"https:\/\/maska.es\/en\/posts\/#breadcrumb\",\"itemListElement\":[{\"@type\":\"ListItem\",\"position\":1,\"name\":\"Portada\",\"item\":\"https:\/\/pagemaska.azurewebsites.net\/en\/\"},{\"@type\":\"ListItem\",\"position\":2,\"name\":\"posts\"}]},{\"@type\":\"WebSite\",\"@id\":\"https:\/\/maska.es\/en\/#website\",\"url\":\"https:\/\/maska.es\/en\/\",\"name\":\"Maska\",\"description\":\"\",\"potentialAction\":[{\"@type\":\"SearchAction\",\"target\":{\"@type\":\"EntryPoint\",\"urlTemplate\":\"https:\/\/maska.es\/en\/?s={search_term_string}\"},\"query-input\":{\"@type\":\"PropertyValueSpecification\",\"valueRequired\":true,\"valueName\":\"search_term_string\"}}],\"inLanguage\":\"en-US\"}]}<\/script>\n<!-- \/ Yoast SEO plugin. -->","yoast_head_json":{"title":"Maska Blog: Innovation and Sustainability \ud83c\udf31\ud83d\udcca","description":"Explore the world of sustainability and ESG. Stay updated with the latest trends and tips for a more responsible, transparent future. \ud83c\udf1f","robots":{"index":"index","follow":"follow","max-snippet":"max-snippet:-1","max-image-preview":"max-image-preview:large","max-video-preview":"max-video-preview:-1"},"canonical":"https:\/\/maska.es\/en\/posts\/","og_locale":"en_US","og_type":"article","og_title":"Maska Blog: Innovation and Sustainability \ud83c\udf31\ud83d\udcca","og_description":"Explore the world of sustainability and ESG. Stay updated with the latest trends and tips for a more responsible, transparent future. \ud83c\udf1f","og_url":"https:\/\/maska.es\/en\/posts\/","og_site_name":"Maska","article_modified_time":"2025-03-13T08:26:10+00:00","twitter_card":"summary_large_image","twitter_misc":{"Est. reading time":"1 minute"},"schema":{"@context":"https:\/\/schema.org","@graph":[{"@type":"WebPage","@id":"https:\/\/maska.es\/en\/posts\/","url":"https:\/\/maska.es\/en\/posts\/","name":"Maska Blog: Innovation and Sustainability \ud83c\udf31\ud83d\udcca","isPartOf":{"@id":"https:\/\/maska.es\/en\/#website"},"datePublished":"2024-08-08T09:21:57+00:00","dateModified":"2025-03-13T08:26:10+00:00","description":"Explore the world of sustainability and ESG. Stay updated with the latest trends and tips for a more responsible, transparent future. \ud83c\udf1f","breadcrumb":{"@id":"https:\/\/maska.es\/en\/posts\/#breadcrumb"},"inLanguage":"en-US","potentialAction":[{"@type":"ReadAction","target":["https:\/\/maska.es\/en\/posts\/"]}]},{"@type":"BreadcrumbList","@id":"https:\/\/maska.es\/en\/posts\/#breadcrumb","itemListElement":[{"@type":"ListItem","position":1,"name":"Portada","item":"https:\/\/pagemaska.azurewebsites.net\/en\/"},{"@type":"ListItem","position":2,"name":"posts"}]},{"@type":"WebSite","@id":"https:\/\/maska.es\/en\/#website","url":"https:\/\/maska.es\/en\/","name":"Maska","description":"","potentialAction":[{"@type":"SearchAction","target":{"@type":"EntryPoint","urlTemplate":"https:\/\/maska.es\/en\/?s={search_term_string}"},"query-input":{"@type":"PropertyValueSpecification","valueRequired":true,"valueName":"search_term_string"}}],"inLanguage":"en-US"}]}},"_links":{"self":[{"href":"https:\/\/maska.es\/en\/wp-json\/wp\/v2\/pages\/2435"}],"collection":[{"href":"https:\/\/maska.es\/en\/wp-json\/wp\/v2\/pages"}],"about":[{"href":"https:\/\/maska.es\/en\/wp-json\/wp\/v2\/types\/page"}],"author":[{"embeddable":true,"href":"https:\/\/maska.es\/en\/wp-json\/wp\/v2\/users\/2"}],"replies":[{"embeddable":true,"href":"https:\/\/maska.es\/en\/wp-json\/wp\/v2\/comments?post=2435"}],"version-history":[{"count":1,"href":"https:\/\/maska.es\/en\/wp-json\/wp\/v2\/pages\/2435\/revisions"}],"predecessor-version":[{"id":2436,"href":"https:\/\/maska.es\/en\/wp-json\/wp\/v2\/pages\/2435\/revisions\/2436"}],"wp:attachment":[{"href":"https:\/\/maska.es\/en\/wp-json\/wp\/v2\/media?parent=2435"}],"curies":[{"name":"wp","href":"https:\/\/api.w.org\/{rel}","templated":true}]}}